{"id":49,"date":"2018-05-14T12:15:40","date_gmt":"2018-05-14T12:15:40","guid":{"rendered":"http:\/\/localhost\/ciya-shop-barber-shop-sample-data\/?page_id=49"},"modified":"2021-06-15T04:19:44","modified_gmt":"2021-06-15T04:19:44","slug":"nosotros","status":"publish","type":"page","link":"https:\/\/saboribericofuengirola.es\/?page_id=49","title":{"rendered":"Nosotros"},"content":{"rendered":"<p>[vc_row pgscore_enable_responsive_settings=&#8221;true&#8221; el_id=&#8221;1524723707378-077d29e4-ec8e&#8221; css=&#8221;.vc_custom_1524736827138{margin-right: 5% !important;margin-left: 5% !important;padding-top: 80px !important;padding-bottom: 80px !important;}&#8221; element_css_md=&#8221;.vc_custom_1524736827141{padding-top: 60px !important;padding-bottom: 60px !important;}&#8221; element_css_sm=&#8221;.vc_custom_1524736827142{padding-top: 50px !important;padding-bottom: 50px !important;}&#8221; element_css_xs=&#8221;.vc_custom_1524736827144{padding-top: 40px !important;padding-bottom: 40px !important;}&#8221;][vc_column el_id=&#8221;1621490063827-874b777c-0ad8&#8243;][vc_row_inner el_id=&#8221;1621490063845-cf49323a-5c4a&#8221;][vc_column_inner offset=&#8221;vc_col-lg-offset-2 vc_col-lg-8 vc_col-md-offset-1 vc_col-md-10&#8243; el_id=&#8221;1621490063851-f29db048-f0e3&#8243;][vc_custom_heading text=&#8221;Jamoner\u00eda Queser\u00eda Sabor Ib\u00e9rico&#8221; font_container=&#8221;tag:h2|text_align:center&#8221; use_theme_fonts=&#8221;yes&#8221; css=&#8221;.vc_custom_1621490099222{margin-bottom: 15px !important;}&#8221;][vc_column_text css=&#8221;.vc_custom_1623730443535{margin-bottom: 0px !important;}&#8221;]<\/p>\n<p style=\"text-align: center;\">Nuestro proyecto nace en 2018 inaugurando la tienda en la Avenida de Mijas , Fuengirola. Llevamos igualmente mas de 20 a\u00f1os realizando eventos. En Jamoner\u00eda Queser\u00eda Sabor Ib\u00e9rico trabajamos con productores que destacan por la excelente calidad y el cuidadoso proceso de elaboraci\u00f3n de sus productos. Nuestro objetivo es satisfacer y cumplir por completo las expectativas de nuestros clientes y por ello trabajamos d\u00eda a d\u00eda para ofrecerles siempre lo mejor.<\/p>\n<p>[\/vc_column_text][\/vc_column_inner][\/vc_row_inner][vc_row_inner el_id=&#8221;1621490064062-8fb363dc-6273&#8243;][vc_column_inner width=&#8221;1\/2&#8243; css=&#8221;.vc_custom_1524736993147{margin-top: 40px !important;}&#8221; offset=&#8221;vc_col-lg-3 vc_col-md-3 vc_col-xs-12&#8243; el_id=&#8221;1621490064073-028addd0-126f&#8221;]\t<div  class=\"pgscore_info_box_wrapper\"><!-- shortcode-base-wrapper -->\n\t\t<div class=\"pgscore_info_box pgscore_info_box-layout-style_1 pgscore_info_box-content_alignment-center pgscore_info_box-with-icon pgscore_info_box-icon-source-image pgscore_info_box-icon-style-default pgscore_info_box-icon-size-md\">\n\t<div class=\"pgscore_info_box-inner clearfix\">\n\t\t\t<div class=\"pgscore_info_box-icon\">\n\t\t\t<div class=\"pgscore_info_box-icon-wrap\">\n\t\t\t\t<div class=\"pgscore_info_box-icon-outer\" style=\"\">\n\t<div class=\"pgscore_info_box-icon-inner\" style=\"\">\n\t\t<img decoding=\"async\" src=\"https:\/\/saboribericofuengirola.es\/wp-content\/uploads\/2021\/06\/pig.png\">\t<\/div>\n<\/div>\n\t\t\t<\/div>\n\t\t<\/div>\n\t\t\t<div class=\"pgscore_info_box-content\">\n\t\t<div class=\"pgscore_info_box-content-wrap\">\n\t\t\t<div class=\"pgscore_info_box-content-inner\">\n\t\t\t\t\t\t<h3 class=\"pgscore_info_box-title\" style=\"color:#323232;\">\n\t\t\tProductos Ib\u00e9ricos\t\t<\/h3>\n\t\t\t<div class=\"pgscore_info_box-description\">\n\t\t<p>Somos innovadores, siempre estamos explorando la producci\u00f3n de nuevos productos o mejorando la forma de fabricaci\u00f3n de los que ya producimos y vendemos.<\/p>\n\t<\/div>\n\t\t\t\t<\/div>\n\t\t<\/div>\n\t<\/div>\n<\/div>\n<\/div>\n\t<\/div>\n\t[\/vc_column_inner][vc_column_inner width=&#8221;1\/2&#8243; css=&#8221;.vc_custom_1524737006374{margin-top: 40px !important;}&#8221; offset=&#8221;vc_col-lg-3 vc_col-md-3 vc_col-xs-12&#8243; el_id=&#8221;1621490064208-3e6537e3-8af8&#8243;]\t<div  class=\"pgscore_info_box_wrapper\"><!-- shortcode-base-wrapper -->\n\t\t<div class=\"pgscore_info_box pgscore_info_box-layout-style_1 pgscore_info_box-content_alignment-center pgscore_info_box-with-icon pgscore_info_box-icon-source-font pgscore_info_box-icon-style-default pgscore_info_box-icon-size-md\">\n\t<div class=\"pgscore_info_box-inner clearfix\">\n\t\t\t<div class=\"pgscore_info_box-icon\">\n\t\t\t<div class=\"pgscore_info_box-icon-wrap\">\n\t\t\t\t<div class=\"pgscore_info_box-icon-outer\" style=\"\">\n\t<div class=\"pgscore_info_box-icon-inner\" style=\"\">\n\t\t<i class=\"fas fa-wine-glass-alt\" style=\"color:#a30338\"><\/i>\t<\/div>\n<\/div>\n\t\t\t<\/div>\n\t\t<\/div>\n\t\t\t<div class=\"pgscore_info_box-content\">\n\t\t<div class=\"pgscore_info_box-content-wrap\">\n\t\t\t<div class=\"pgscore_info_box-content-inner\">\n\t\t\t\t\t\t<h3 class=\"pgscore_info_box-title\" style=\"color:#323232;\">\n\t\t\tCata de Vinos\t\t<\/h3>\n\t\t\t<div class=\"pgscore_info_box-description\">\n\t\t<p>Realizamos las catas directamente con los productores, tanto due\u00f1os de vi\u00f1edos como due\u00f1os de queser\u00edas.<\/p>\n\t<\/div>\n\t\t\t\t<\/div>\n\t\t<\/div>\n\t<\/div>\n<\/div>\n<\/div>\n\t<\/div>\n\t[\/vc_column_inner][vc_column_inner width=&#8221;1\/2&#8243; css=&#8221;.vc_custom_1524737041053{margin-top: 40px !important;}&#8221; offset=&#8221;vc_col-lg-3 vc_col-md-3 vc_col-xs-12&#8243; el_id=&#8221;1621490064347-d118d135-a279&#8243;]\t<div  class=\"pgscore_info_box_wrapper\"><!-- shortcode-base-wrapper -->\n\t\t<div class=\"pgscore_info_box pgscore_info_box-layout-style_1 pgscore_info_box-content_alignment-center pgscore_info_box-with-icon pgscore_info_box-icon-source-font pgscore_info_box-icon-style-default pgscore_info_box-icon-size-md\">\n\t<div class=\"pgscore_info_box-inner clearfix\">\n\t\t\t<div class=\"pgscore_info_box-icon\">\n\t\t\t<div class=\"pgscore_info_box-icon-wrap\">\n\t\t\t\t<div class=\"pgscore_info_box-icon-outer\" style=\"\">\n\t<div class=\"pgscore_info_box-icon-inner\" style=\"\">\n\t\t<i class=\"fas fa-cheese\" style=\"color:#a30338\"><\/i>\t<\/div>\n<\/div>\n\t\t\t<\/div>\n\t\t<\/div>\n\t\t\t<div class=\"pgscore_info_box-content\">\n\t\t<div class=\"pgscore_info_box-content-wrap\">\n\t\t\t<div class=\"pgscore_info_box-content-inner\">\n\t\t\t\t\t\t<h3 class=\"pgscore_info_box-title\">\n\t\t\t<a href=\"\" target=\"_blank\" title=\"Quesos\" style=\"color:#323232;\">\n\t\t\t\tQuesos\t\t\t<\/a>\n\t\t<\/h3>\n\t\t\t<div class=\"pgscore_info_box-description\">\n\t\t<p>Todos nuestros quesos son artesanales y contamos con quesos de todo el pa\u00eds en nuestro stock.<\/p>\n\t<\/div>\n\t\t\t\t<\/div>\n\t\t<\/div>\n\t<\/div>\n<\/div>\n<\/div>\n\t<\/div>\n\t[\/vc_column_inner][vc_column_inner width=&#8221;1\/2&#8243; css=&#8221;.vc_custom_1524737035982{margin-top: 40px !important;}&#8221; offset=&#8221;vc_col-lg-3 vc_col-md-3 vc_col-xs-12&#8243; el_id=&#8221;1621490064484-24f20606-3489&#8243;]\t<div  class=\"pgscore_info_box_wrapper\"><!-- shortcode-base-wrapper -->\n\t\t<div class=\"pgscore_info_box pgscore_info_box-layout-style_1 pgscore_info_box-content_alignment-center pgscore_info_box-with-icon pgscore_info_box-icon-source-font pgscore_info_box-icon-style-default pgscore_info_box-icon-size-md\">\n\t<div class=\"pgscore_info_box-inner clearfix\">\n\t\t\t<div class=\"pgscore_info_box-icon\">\n\t\t\t<div class=\"pgscore_info_box-icon-wrap\">\n\t\t\t\t<div class=\"pgscore_info_box-icon-outer\" style=\"\">\n\t<div class=\"pgscore_info_box-icon-inner\" style=\"\">\n\t\t<i class=\"fas fa-utensils\" style=\"color:#a30338\"><\/i>\t<\/div>\n<\/div>\n\t\t\t<\/div>\n\t\t<\/div>\n\t\t\t<div class=\"pgscore_info_box-content\">\n\t\t<div class=\"pgscore_info_box-content-wrap\">\n\t\t\t<div class=\"pgscore_info_box-content-inner\">\n\t\t\t\t\t\t<h3 class=\"pgscore_info_box-title\" style=\"color:#323232;\">\n\t\t\tEventos\t\t<\/h3>\n\t\t\t<div class=\"pgscore_info_box-description\">\n\t\t<p>M\u00e1s de 20 a\u00f1os organizando eventos. Servicio de corte de jam\u00f3n, mesas de quesos y embutidos. Servicio de Venenciador.<\/p>\n\t<\/div>\n\t\t\t\t<\/div>\n\t\t<\/div>\n\t<\/div>\n<\/div>\n<\/div>\n\t<\/div>\n\t[\/vc_column_inner][\/vc_row_inner][\/vc_column][\/vc_row][vc_row full_width=&#8221;stretch_row&#8221; pgscore_background_position=&#8221;center-top&#8221; pgscore_enable_responsive_settings=&#8221;true&#8221; el_id=&#8221;1524491503920-ec4a5d0f-594e&#8221; css=&#8221;.vc_custom_1621490385147{padding-top: 150px !important;padding-bottom: 310px !important;background-image: url(https:\/\/saboribericofuengirola.es\/wp-content\/uploads\/2021\/05\/jamones-1.jpg?id=186) !important;background-position: 0 0 !important;background-repeat: no-repeat !important;}&#8221; element_css_md=&#8221;.vc_custom_1621490385147{padding-top: 100px !important;padding-bottom: 100px !important;}&#8221; element_css_sm=&#8221;.vc_custom_1621490385148{padding-top: 70px !important;padding-bottom: 70px !important;}&#8221; element_css_xs=&#8221;.vc_custom_1621490385148{padding-top: 50px !important;padding-bottom: 50px !important;}&#8221;][vc_column offset=&#8221;vc_col-lg-6 vc_col-md-12&#8243; css=&#8221;.vc_custom_1524569071338{padding-top: 0px !important;}&#8221; el_id=&#8221;1621490064751-9e638639-c073&#8243;][vc_custom_heading text=&#8221;La Mejor Calidad&#8221; font_container=&#8221;tag:h2|text_align:left|color:%23ffffff&#8221; google_fonts=&#8221;font_family:Patua%20One%3Aregular|font_style:400%20regular%3A400%3Anormal&#8221; css=&#8221;.vc_custom_1621490195651{padding-bottom: 20px !important;}&#8221;][vc_column_text css=&#8221;.vc_custom_1621490559167{padding-top: 20px !important;}&#8221;]<\/p>\n<p style=\"text-align: left;\"><span style=\"color: #ffff99;\">Muchas tiendas Gourmet, charcuter\u00edas tradicionales, restaurantes y Gastrobares disfrutan de nuestros productos, y ahora puedes hacerlo t\u00fa a trav\u00e9s de esta tienda virtual.<\/span><\/p>\n<p>[\/vc_column_text][vc_column_text]<\/p>\n<p class=\"css-color-blanco\"><span style=\"color: #ffff99;\">Jamoner\u00eda Queser\u00eda Sabor Ib\u00e9rico\u00a0te ofrece los mejores jamones, paletas y embutidos ib\u00e9ricos, cuidadosamente seleccionados para satisfacer los\u00a0paladares m\u00e1s exigentes.<\/span><\/p>\n<p>[\/vc_column_text][\/vc_column][\/vc_row][vc_row pgscore_enable_responsive_settings=&#8221;true&#8221; el_id=&#8221;1524547250416-faa97672-4452&#8243; css=&#8221;.vc_custom_1525421550387{margin-top: -200px !important;margin-right: 10% !important;margin-left: 10% !important;padding-top: 50px !important;padding-right: 60px !important;padding-bottom: 80px !important;padding-left: 60px !important;background-color: #f5f5f5 !important;}&#8221; element_css_md=&#8221;.vc_custom_1525421550388{margin-top: -30px !important;border-bottom-width: 60px !important;padding-top: 60px !important;}&#8221; element_css_sm=&#8221;.vc_custom_1525421550390{margin-right: 0px !important;margin-left: 0px !important;padding-top: 50px !important;padding-right: 0px !important;padding-bottom: 50px !important;padding-left: 0px !important;}&#8221; element_css_xs=&#8221;.vc_custom_1525421550391{margin-top: 0px !important;padding-top: 40px !important;padding-right: 0px !important;padding-bottom: 40px !important;padding-left: 0px !important;}&#8221;][vc_column css=&#8221;.vc_custom_1524553918315{padding-top: 0px !important;}&#8221; el_id=&#8221;1621490065418-af62f220-2f39&#8243;][vc_row_inner el_id=&#8221;1621490065537-396fcf95-1aa8&#8243;][vc_column_inner offset=&#8221;vc_col-lg-offset-2 vc_col-lg-8 vc_col-md-offset-1 vc_col-md-10&#8243; css=&#8221;.vc_custom_1524639234680{margin-bottom: 0px !important;padding-top: 0px !important;}&#8221; el_id=&#8221;1621490065547-ac994e68-fb8e&#8221;][vc_custom_heading text=&#8221;JAMONES, QUESOS Y VINO &#8230;&#8221; font_container=&#8221;tag:h2|text_align:center&#8221; google_fonts=&#8221;font_family:Patua%20One%3Aregular|font_style:400%20regular%3A400%3Anormal&#8221; css=&#8221;.vc_custom_1621490651231{margin-bottom: 15px !important;}&#8221;][vc_column_text css=&#8221;.vc_custom_1623730781050{margin-bottom: 0px !important;}&#8221;]<\/p>\n<p style=\"text-align: center;\">En Jamoner\u00eda Queser\u00eda Sabor Ib\u00e9rico trabajamos con productores que destacan por la excelente calidad y el cuidadoso proceso de elaboraci\u00f3n de sus productos. Nuestro objetivo es satisfacer y cumplir por completo las expectativas de nuestros clientes y por ello trabajamos d\u00eda a d\u00eda para ofrecerles siempre lo mejor.<\/p>\n<p>[\/vc_column_text][\/vc_column_inner][\/vc_row_inner][vc_row_inner el_id=&#8221;1621490065907-6c22635f-e566&#8243;][vc_column_inner width=&#8221;1\/2&#8243; el_id=&#8221;1621490065917-0416a585-c109&#8243;][vc_column_text css=&#8221;.vc_custom_1621490801484{margin-top: 30px !important;margin-bottom: 0px !important;}&#8221;]<\/p>\n<table style=\"border: none; white-space: nowrap; line-height: 1;\">\n<tbody>\n<tr style=\"margin: 10px 0;\">\n<td style=\"border: none; padding: 0; padding-right: 0.5em;\">\n<h6>CONSERVAS GOURMET<\/h6>\n<\/td>\n<td style=\"border: none; padding: 0; border-bottom: 1px dotted #969696; width: 99%;\"><\/td>\n<td style=\"border: none; padding: 0; padding-left: 0.5em;\">\n<h5><\/h5>\n<\/td>\n<\/tr>\n<\/tbody>\n<\/table>\n<p>[\/vc_column_text][vc_column_text css=&#8221;.vc_custom_1621490840128{margin-top: 30px !important;margin-bottom: 0px !important;}&#8221;]<\/p>\n<table style=\"border: none; white-space: nowrap; line-height: 1;\">\n<tbody>\n<tr style=\"margin: 10px 0;\">\n<td style=\"border: none; padding: 0; padding-right: 0.5em;\">\n<h6>PRODUCTOS IB\u00c9RICOS<\/h6>\n<\/td>\n<td style=\"border: none; padding: 0; border-bottom: 1px dotted #969696; width: 99%;\"><\/td>\n<td style=\"border: none; padding: 0; padding-left: 0.5em; font-size: 14px;\">\n<h5><\/h5>\n<h5><\/h5>\n<\/td>\n<\/tr>\n<\/tbody>\n<\/table>\n<p>[\/vc_column_text][\/vc_column_inner][vc_column_inner width=&#8221;1\/2&#8243; el_id=&#8221;1621490066596-f5eb6bde-2f71&#8243;][vc_column_text css=&#8221;.vc_custom_1621491006145{margin-top: 30px !important;margin-bottom: 0px !important;}&#8221;]<\/p>\n<table style=\"border: none; white-space: nowrap; line-height: 1;\">\n<tbody>\n<tr style=\"margin: 10px 0;\">\n<td style=\"border: none; padding: 0; padding-right: 0.5em;\">\n<h6>QUESOS<\/h6>\n<\/td>\n<td style=\"border: none; padding: 0; border-bottom: 1px dotted #969696; width: 99%;\"><\/td>\n<td style=\"border: none; padding: 0; padding-left: 0.5em;\">\n<h5><\/h5>\n<h5><\/h5>\n<\/td>\n<\/tr>\n<\/tbody>\n<\/table>\n<p>[\/vc_column_text][vc_column_text css=&#8221;.vc_custom_1621491024787{margin-top: 30px !important;margin-bottom: 0px !important;}&#8221;]<\/p>\n<table style=\"border: none; white-space: nowrap; line-height: 1;\">\n<tbody>\n<tr style=\"margin: 10px 0;\">\n<td style=\"border: none; padding: 0; padding-right: 0.5em;\">\n<h6>VINOS<\/h6>\n<\/td>\n<td style=\"border: none; padding: 0; border-bottom: 1px dotted #969696; width: 99%;\"><\/td>\n<td style=\"border: none; padding: 0; padding-left: 0.5em;\">\n<h5><\/h5>\n<\/td>\n<\/tr>\n<\/tbody>\n<\/table>\n<p>[\/vc_column_text][\/vc_column_inner][\/vc_row_inner][\/vc_column][\/vc_row][vc_row pgscore_enable_responsive_settings=&#8221;true&#8221; el_id=&#8221;1524635741308-8f7ae2b6-9b65&#8243; css=&#8221;.vc_custom_1524635952198{padding-top: 80px !important;padding-bottom: 80px !important;}&#8221; element_css_md=&#8221;.vc_custom_1524635952200{padding-top: 60px !important;padding-bottom: 60px !important;}&#8221; element_css_sm=&#8221;.vc_custom_1524635952201{padding-top: 50px !important;padding-bottom: 50px !important;}&#8221; element_css_xs=&#8221;.vc_custom_1524635952202{padding-top: 40px !important;padding-bottom: 40px !important;}&#8221;][vc_column css=&#8221;.vc_custom_1524636002739{padding-top: 0px !important;}&#8221; el_id=&#8221;1621490067423-4605938e-5a10&#8243;][vc_row_inner el_id=&#8221;1621490067566-e2dde771-b22b&#8221;][vc_column_inner offset=&#8221;vc_col-lg-offset-2 vc_col-lg-8 vc_col-md-offset-1 vc_col-md-10&#8243; el_id=&#8221;1621490067575-e971e8d9-2159&#8243;][\/vc_column_inner][\/vc_row_inner][vc_row_inner el_id=&#8221;1621490067819-bf4415db-9465&#8243;][vc_column_inner el_id=&#8221;1621490067826-a5b07fe6-6d8e&#8221;][\/vc_column_inner][\/vc_row_inner][\/vc_column][\/vc_row]<\/p>\n","protected":false},"excerpt":{"rendered":"<p>[vc_row pgscore_enable_responsive_settings=&#8221;true&#8221; el_id=&#8221;1524723707378-077d29e4-ec8e&#8221; css=&#8221;.vc_custom_1524736827138{margin-right: 5% !important;margin-left: 5% !important;padding-top: 80px !important;padding-bottom: 80px !important;}&#8221; element_css_md=&#8221;.vc_custom_1524736827141{padding-top: 60px !important;padding-bottom: 60px !important;}&#8221; element_css_sm=&#8221;.vc_custom_1524736827142{padding-top: 50px !important;padding-bottom: 50px !important;}&#8221; element_css_xs=&#8221;.vc_custom_1524736827144{padding-top: 40px !important;padding-bottom: 40px !important;}&#8221;][vc_column el_id=&#8221;1621490063827-874b777c-0ad8&#8243;][vc_row_inner el_id=&#8221;1621490063845-cf49323a-5c4a&#8221;][vc_column_inner offset=&#8221;vc_col-lg-offset-2 vc_col-lg-8 vc_col-md-offset-1 vc_col-md-10&#8243; el_id=&#8221;1621490063851-f29db048-f0e3&#8243;][vc_custom_heading text=&#8221;Jamoner\u00eda Queser\u00eda Sabor Ib\u00e9rico&#8221; font_container=&#8221;tag:h2|text_align:center&#8221; use_theme_fonts=&#8221;yes&#8221; css=&#8221;.vc_custom_1621490099222{margin-bottom: 15px !important;}&#8221;][vc_column_text css=&#8221;.vc_custom_1623730443535{margin-bottom: 0px !important;}&#8221;] Nuestro proyecto nace en 2018 inaugurando la tienda en [&hellip;]<\/p>\n","protected":false},"author":1,"featured_media":0,"parent":0,"menu_order":0,"comment_status":"closed","ping_status":"closed","template":"templates\/full-width.php","meta":{"footnotes":""},"class_list":["post-49","page","type-page","status-publish","hentry"],"_links":{"self":[{"href":"https:\/\/saboribericofuengirola.es\/index.php?rest_route=\/wp\/v2\/pages\/49","targetHints":{"allow":["GET"]}}],"collection":[{"href":"https:\/\/saboribericofuengirola.es\/index.php?rest_route=\/wp\/v2\/pages"}],"about":[{"href":"https:\/\/saboribericofuengirola.es\/index.php?rest_route=\/wp\/v2\/types\/page"}],"author":[{"embeddable":true,"href":"https:\/\/saboribericofuengirola.es\/index.php?rest_route=\/wp\/v2\/users\/1"}],"replies":[{"embeddable":true,"href":"https:\/\/saboribericofuengirola.es\/index.php?rest_route=%2Fwp%2Fv2%2Fcomments&post=49"}],"version-history":[{"count":16,"href":"https:\/\/saboribericofuengirola.es\/index.php?rest_route=\/wp\/v2\/pages\/49\/revisions"}],"predecessor-version":[{"id":284,"href":"https:\/\/saboribericofuengirola.es\/index.php?rest_route=\/wp\/v2\/pages\/49\/revisions\/284"}],"wp:attachment":[{"href":"https:\/\/saboribericofuengirola.es\/index.php?rest_route=%2Fwp%2Fv2%2Fmedia&parent=49"}],"curies":[{"name":"wp","href":"https:\/\/api.w.org\/{rel}","templated":true}]}}